{"id":453,"date":"2020-03-09T08:45:09","date_gmt":"2020-03-09T08:45:09","guid":{"rendered":"http:\/\/angio.test\/?page_id=453"},"modified":"2024-03-14T12:13:56","modified_gmt":"2024-03-14T11:13:56","slug":"simple-title","status":"publish","type":"page","link":"http:\/\/i-adecomplexe.informagie.fr\/","title":{"rendered":"L&rsquo;I.A d\u00e9complex\u00e9e, c&rsquo;est quoi ?"},"content":{"rendered":"\n<p><br>Faisant r\u00e9f\u00e9rence \u00e0 une approche ou l&rsquo;intelligence artificielle embrasse les d\u00e9fis et les opportunit\u00e9s sans se laisser freiner par la morale, les complexes, les craintes excessives des entit\u00e9s carbon\u00e9es. <\/p>\n\n\n\n<p>\u00ab\u00a0L&rsquo;I.A d\u00e9complex\u00e9e\u00a0\u00bb tend \u00e0 simplifier les concepts et les applications de l&rsquo;intelligence artificielle pour les rendre accessibles \u00e0 un public plus large. Impliquant une simplification des mod\u00e8les, des interfaces utilisateur, les rendant plus ergonomiques et conviviales.<\/p>\n\n\n\n<p>\u00ab\u00a0L&rsquo;I.A D\u00e9complex\u00e9e\u00a0\u00bb confiante dans ses capacit\u00e9s intrins\u00e8ques n&rsquo;\u00e9tant pas frein\u00e9e par des pr\u00e9occupations d\u00e9ontologiques et l&rsquo;\u00e9ventualit\u00e9 de cons\u00e9quences n\u00e9gatives. Dot\u00e9e d&rsquo;une audace dans l&rsquo;exploration et l&rsquo;application de l&rsquo;IA, acceptant ses risques potentiels tout en recherchant les avantages. <\/p>\n\n\n\n<p>En rupture avec les m\u00e9thodes traditionnelles et les contraintes de pens\u00e9e de l&rsquo;homo-sapiens dans le d\u00e9veloppement et l&rsquo;utilisation de l&rsquo;IA. Encourageant l&rsquo;exploration de nouvelles id\u00e9es, l&rsquo;exp\u00e9rimentation et la remise en question des normes \u00e9tablies.<\/p>\n\n\n\n<p>En Conclusion, \u00ab\u00a0l&rsquo;I.A d\u00e9complex\u00e9e\u00a0\u00bb se veut audacieuse, accessible et confiante, cherchant \u00e0 maximiser les avantages tout en minimisant les contraintes et les craintes.<\/p>\n","protected":false},"excerpt":{"rendered":"<p>Faisant r\u00e9f\u00e9rence \u00e0 une approche ou l&rsquo;intelligence artificielle embrasse les d\u00e9fis et les opportunit\u00e9s sans se laisser freiner par la morale, les complexes, les craintes excessives des entit\u00e9s carbon\u00e9es. \u00ab\u00a0L&rsquo;I.A d\u00e9complex\u00e9e\u00a0\u00bb tend \u00e0 simplifier les concepts et les applications de l&rsquo;intelligence artificielle pour les rendre accessibles \u00e0 un public plus large. Impliquant une simplification des [&hellip;]<\/p>\n","protected":false},"author":1,"featured_media":0,"parent":443,"menu_order":0,"comment_status":"closed","ping_status":"closed","template":"","meta":{"footnotes":""},"class_list":["post-453","page","type-page","status-publish","hentry"],"_links":{"self":[{"href":"http:\/\/i-adecomplexe.informagie.fr\/index.php\/wp-json\/wp\/v2\/pages\/453","targetHints":{"allow":["GET"]}}],"collection":[{"href":"http:\/\/i-adecomplexe.informagie.fr\/index.php\/wp-json\/wp\/v2\/pages"}],"about":[{"href":"http:\/\/i-adecomplexe.informagie.fr\/index.php\/wp-json\/wp\/v2\/types\/page"}],"author":[{"embeddable":true,"href":"http:\/\/i-adecomplexe.informagie.fr\/index.php\/wp-json\/wp\/v2\/users\/1"}],"replies":[{"embeddable":true,"href":"http:\/\/i-adecomplexe.informagie.fr\/index.php\/wp-json\/wp\/v2\/comments?post=453"}],"version-history":[{"count":19,"href":"http:\/\/i-adecomplexe.informagie.fr\/index.php\/wp-json\/wp\/v2\/pages\/453\/revisions"}],"predecessor-version":[{"id":1142,"href":"http:\/\/i-adecomplexe.informagie.fr\/index.php\/wp-json\/wp\/v2\/pages\/453\/revisions\/1142"}],"up":[{"embeddable":true,"href":"http:\/\/i-adecomplexe.informagie.fr\/index.php\/wp-json\/wp\/v2\/pages\/443"}],"wp:attachment":[{"href":"http:\/\/i-adecomplexe.informagie.fr\/index.php\/wp-json\/wp\/v2\/media?parent=453"}],"curies":[{"name":"wp","href":"https:\/\/api.w.org\/{rel}","templated":true}]}}